{"id":17,"date":"2019-04-10T17:21:40","date_gmt":"2019-04-10T16:21:40","guid":{"rendered":"http:\/\/gapo.pt\/?page_id=17"},"modified":"2019-11-05T14:36:04","modified_gmt":"2019-11-05T14:36:04","slug":"a-gapo","status":"publish","type":"page","link":"https:\/\/gapo.pt\/","title":{"rendered":"A GAPO"},"content":{"rendered":"\n<h2 class=\"wp-block-heading\">Breve Hist\u00f3ria<\/h2>\n\n\n\n<p>A GAPO junta mais de 30 anos de experi\u00eancia na exporta\u00e7\u00e3o de vinhos portugueses, produtos alimentares e bens de consumo geral. Temos um portef\u00f3lio diversificado que  representa todas as regi\u00f5es de Portugal, com uma linha de produtos que varia  entre produtores de renome at\u00e9 aos que oferecem valor excepcional com um  estilo internacional que \u00e9 acess\u00edvel a todos os consumidores.<\/p>\n\n\n\n<figure class=\"wp-block-image\"><img loading=\"lazy\" decoding=\"async\" width=\"1024\" height=\"493\" src=\"https:\/\/gapo.pt\/wp-content\/uploads\/2019\/04\/gapo1_1200L-1024x493.jpg\" alt=\"\" class=\"wp-image-28\" srcset=\"https:\/\/gapo.pt\/wp-content\/uploads\/2019\/04\/gapo1_1200L-1024x493.jpg 1024w, https:\/\/gapo.pt\/wp-content\/uploads\/2019\/04\/gapo1_1200L-300x145.jpg 300w, https:\/\/gapo.pt\/wp-content\/uploads\/2019\/04\/gapo1_1200L-768x370.jpg 768w, https:\/\/gapo.pt\/wp-content\/uploads\/2019\/04\/gapo1_1200L.jpg 1200w\" sizes=\"(max-width: 1024px) 100vw, 1024px\" \/><\/figure>\n\n\n\n<h2 class=\"wp-block-heading\">Objectivos<\/h2>\n\n\n\n<p>O nosso foco \u00e9 servir as necessidades do cliente, com o nosso armaz\u00e9m localizado<br> centralmente e apoio log\u00edstico, fazemos consolida\u00e7\u00e3o de carga f\u00e1cil.<br> O nosso forte relacionamento com os clientes e experi\u00eancia  de mercado em cada pa\u00eds, de acordo com as necessidades dos clientes,  permite-nos ser o parceiro em Portugal que acrescenta valor \u00e0s suas compras.<\/p>\n\n\n\n<h2 class=\"wp-block-heading\">Vantagens<\/h2>\n\n\n\n<ul class=\"wp-block-list\"><li> Entreposto fiscal <\/li><li> Armaz\u00e9m com protec\u00e7\u00e3o t\u00e9rmica <\/li><li>Produtos de grande consumo em marca pr\u00f3pria<\/li><li>Apoio log\u00edstico na centraliza\u00e7\u00e3o de mercadorias<\/li><\/ul>\n\n\n\n<p><\/p>\n","protected":false},"excerpt":{"rendered":"<p>Breve Hist\u00f3ria A GAPO junta mais de 30 anos de experi\u00eancia na exporta\u00e7\u00e3o de vinhos portugueses, produtos alimentares e bens de consumo geral. Temos um portef\u00f3lio diversificado que representa todas as regi\u00f5es de Portugal, com uma linha de produtos que varia entre produtores de renome at\u00e9 aos que oferecem valor excepcional com um estilo internacional &#8230; <a title=\"A GAPO\" class=\"read-more\" href=\"https:\/\/gapo.pt\/\" aria-label=\"Leia mais sobre A GAPO\">Ler mais<\/a><\/p>\n","protected":false},"author":1,"featured_media":0,"parent":0,"menu_order":0,"comment_status":"closed","ping_status":"closed","template":"","meta":{"footnotes":""},"class_list":["post-17","page","type-page","status-publish"],"_links":{"self":[{"href":"https:\/\/gapo.pt\/index.php\/wp-json\/wp\/v2\/pages\/17"}],"collection":[{"href":"https:\/\/gapo.pt\/index.php\/wp-json\/wp\/v2\/pages"}],"about":[{"href":"https:\/\/gapo.pt\/index.php\/wp-json\/wp\/v2\/types\/page"}],"author":[{"embeddable":true,"href":"https:\/\/gapo.pt\/index.php\/wp-json\/wp\/v2\/users\/1"}],"replies":[{"embeddable":true,"href":"https:\/\/gapo.pt\/index.php\/wp-json\/wp\/v2\/comments?post=17"}],"version-history":[{"count":3,"href":"https:\/\/gapo.pt\/index.php\/wp-json\/wp\/v2\/pages\/17\/revisions"}],"predecessor-version":[{"id":161,"href":"https:\/\/gapo.pt\/index.php\/wp-json\/wp\/v2\/pages\/17\/revisions\/161"}],"wp:attachment":[{"href":"https:\/\/gapo.pt\/index.php\/wp-json\/wp\/v2\/media?parent=17"}],"curies":[{"name":"wp","href":"https:\/\/api.w.org\/{rel}","templated":true}]}}