{"id":180,"date":"2020-02-20T15:33:56","date_gmt":"2020-02-20T15:33:56","guid":{"rendered":"http:\/\/gapo.pt\/?page_id=180"},"modified":"2020-02-20T15:43:38","modified_gmt":"2020-02-20T15:43:38","slug":"entre-xistos-doc-douro","status":"publish","type":"page","link":"http:\/\/gapo.pt\/index.php\/entre-xistos-doc-douro\/","title":{"rendered":"Entre Xistos &#8211; DOC Douro"},"content":{"rendered":"\n<figure class=\"wp-block-image\"><img loading=\"lazy\" decoding=\"async\" width=\"1000\" height=\"751\" src=\"http:\/\/gapo.pt\/wp-content\/uploads\/2020\/02\/Entre-Xistos-com-caixa_LowRes.jpg\" alt=\"\" class=\"wp-image-181\" srcset=\"http:\/\/gapo.pt\/wp-content\/uploads\/2020\/02\/Entre-Xistos-com-caixa_LowRes.jpg 1000w, http:\/\/gapo.pt\/wp-content\/uploads\/2020\/02\/Entre-Xistos-com-caixa_LowRes-300x225.jpg 300w, http:\/\/gapo.pt\/wp-content\/uploads\/2020\/02\/Entre-Xistos-com-caixa_LowRes-768x577.jpg 768w\" sizes=\"(max-width: 1000px) 100vw, 1000px\" \/><figcaption>Entre Xistos &#8211; Doc Douro<\/figcaption><\/figure>\n\n\n\n<p><strong>Entre Xistos<\/strong> \u00e9 um vinho criado pelo en\u00f3logo Anselmo Mendes, que com o seu vasto conhecimento da regi\u00e3o Duriense, procura as uvas que melhor se adequam ao perfil exigente do Entre Xistos. Uma busca que n\u00e3o \u00e9 s\u00f3 sua, mas que partilha com o seu irm\u00e3o, Paulo Mendes, desde h\u00e1 muito ligado ao vinho, n\u00e3o s\u00f3 pelas suas ra\u00edzes, mas tamb\u00e9m pelo seu percurso profissional. O desafio lan\u00e7ado entre irm\u00e3os, resulta neste vinho volumoso, de taninos macios e elegantes. De cor p\u00farpura intensa, mostra aromas de frutos do bosque, framboesa e mirtilo. <\/p>\n\n\n\n<div class=\"wp-block-columns has-2-columns is-layout-flex wp-container-core-columns-is-layout-1 wp-block-columns-is-layout-flex\">\n<div class=\"wp-block-column is-layout-flow wp-block-column-is-layout-flow\">\n<figure class=\"wp-block-image\"><img loading=\"lazy\" decoding=\"async\" width=\"258\" height=\"1001\" src=\"http:\/\/gapo.pt\/wp-content\/uploads\/2020\/02\/Entre-Xistos_LowRes.jpg\" alt=\"\" class=\"wp-image-182\" srcset=\"http:\/\/gapo.pt\/wp-content\/uploads\/2020\/02\/Entre-Xistos_LowRes.jpg 258w, http:\/\/gapo.pt\/wp-content\/uploads\/2020\/02\/Entre-Xistos_LowRes-77x300.jpg 77w\" sizes=\"(max-width: 258px) 100vw, 258px\" \/><\/figure>\n<\/div>\n\n\n\n<div class=\"wp-block-column is-layout-flow wp-block-column-is-layout-flow\">\n<h2 class=\"wp-block-heading\">Entre Xistos &#8211; DOC Douro<\/h2>\n\n\n\n<p><strong>Colheita<\/strong><br>2013<\/p>\n\n\n\n<p><strong>Castas<\/strong><br>Vinhas velhas<\/p>\n\n\n\n<p><strong>Vinifica\u00e7\u00e3o<\/strong><br>Vinho obtido a partir de vinhas velhas, com pisa a p\u00e9 em lagares de granito<\/p>\n\n\n\n<p><strong>Aspeto<\/strong><br>L\u00edmpido e intenso de cor p\u00farpura<\/p>\n\n\n\n<p><strong>Nariz<\/strong><br>Limpo, intensidade pronunciada, com aromas de frutos do bosque, framboesa e mirtilo<\/p>\n\n\n\n<p><strong>Boca<\/strong><br>Volumoso, com taninos macios e elegantes, num final longo e persistente<\/p>\n\n\n\n<p><\/p>\n<\/div>\n<\/div>\n\n\n\n<div class=\"wp-block-columns has-2-columns is-layout-flex wp-container-core-columns-is-layout-2 wp-block-columns-is-layout-flex\">\n<div class=\"wp-block-column is-layout-flow wp-block-column-is-layout-flow\">\n<p><strong><em>Log\u00edstica<\/em><\/strong><br><strong>Palete<\/strong>: Europalete<br><strong>Camadas por palete:<\/strong> 9 <br><strong>Caixas por palete:<\/strong> 99<br><strong>Caixas por camada<\/strong>: 11<br><strong>Caixa<\/strong>: Cart\u00e3o<br><strong>Orienta\u00e7\u00e3o<\/strong>: Horizontal<br><strong>Garrafas por caixa<\/strong>: 6<br><strong>EAN Garrafa:<\/strong> 5600218100193<\/p>\n<\/div>\n\n\n\n<div class=\"wp-block-column is-layout-flow wp-block-column-is-layout-flow\">\n<p><strong><em>Ficheiros<\/em><\/strong><br>Ficha T\u00e9cnica (<a href=\"http:\/\/gapo.pt\/wp-content\/uploads\/2020\/02\/Entre-Xistos-2013.pdf\">PDF<\/a>)<br>Foto Garrafa com Caixa (<a href=\"http:\/\/gapo.pt\/wp-content\/uploads\/2020\/02\/Entre-Xistos-com-caixa_LowRes.jpg\">JPG<\/a>)<br>Foto Garrafa (<a href=\"http:\/\/gapo.pt\/wp-content\/uploads\/2020\/02\/Entre-Xistos_LowRes.jpg\">JPG<\/a>)<\/p>\n<\/div>\n<\/div>\n","protected":false},"excerpt":{"rendered":"<p>Entre Xistos \u00e9 um vinho criado pelo en\u00f3logo Anselmo Mendes, que com o seu vasto conhecimento da regi\u00e3o Duriense, procura as uvas que melhor se adequam ao perfil exigente do Entre Xistos. Uma busca que n\u00e3o \u00e9 s\u00f3 sua, mas que partilha com o seu irm\u00e3o, Paulo Mendes, desde h\u00e1 muito ligado ao vinho, n\u00e3o &#8230; <a title=\"Entre Xistos &#8211; DOC Douro\" class=\"read-more\" href=\"http:\/\/gapo.pt\/index.php\/entre-xistos-doc-douro\/\" aria-label=\"Leia mais sobre Entre Xistos &#8211; DOC Douro\">Ler mais<\/a><\/p>\n","protected":false},"author":2,"featured_media":0,"parent":0,"menu_order":0,"comment_status":"closed","ping_status":"closed","template":"","meta":{"footnotes":""},"class_list":["post-180","page","type-page","status-publish"],"_links":{"self":[{"href":"http:\/\/gapo.pt\/index.php\/wp-json\/wp\/v2\/pages\/180"}],"collection":[{"href":"http:\/\/gapo.pt\/index.php\/wp-json\/wp\/v2\/pages"}],"about":[{"href":"http:\/\/gapo.pt\/index.php\/wp-json\/wp\/v2\/types\/page"}],"author":[{"embeddable":true,"href":"http:\/\/gapo.pt\/index.php\/wp-json\/wp\/v2\/users\/2"}],"replies":[{"embeddable":true,"href":"http:\/\/gapo.pt\/index.php\/wp-json\/wp\/v2\/comments?post=180"}],"version-history":[{"count":7,"href":"http:\/\/gapo.pt\/index.php\/wp-json\/wp\/v2\/pages\/180\/revisions"}],"predecessor-version":[{"id":230,"href":"http:\/\/gapo.pt\/index.php\/wp-json\/wp\/v2\/pages\/180\/revisions\/230"}],"wp:attachment":[{"href":"http:\/\/gapo.pt\/index.php\/wp-json\/wp\/v2\/media?parent=180"}],"curies":[{"name":"wp","href":"https:\/\/api.w.org\/{rel}","templated":true}]}}