{"id":116,"date":"2019-11-01T18:49:03","date_gmt":"2019-11-01T18:49:03","guid":{"rendered":"http:\/\/gapo.pt\/?page_id=116"},"modified":"2019-11-01T18:49:04","modified_gmt":"2019-11-01T18:49:04","slug":"sacos-de-papel","status":"publish","type":"page","link":"http:\/\/gapo.pt\/index.php\/sacos-de-papel\/","title":{"rendered":"Sacos de Papel"},"content":{"rendered":"\n<figure class=\"wp-block-image\"><img loading=\"lazy\" decoding=\"async\" width=\"1024\" height=\"513\" src=\"http:\/\/gapo.pt\/wp-content\/uploads\/2019\/11\/papel2-1024x513.jpg\" alt=\"\" class=\"wp-image-117\" srcset=\"http:\/\/gapo.pt\/wp-content\/uploads\/2019\/11\/papel2-1024x513.jpg 1024w, http:\/\/gapo.pt\/wp-content\/uploads\/2019\/11\/papel2-300x150.jpg 300w, http:\/\/gapo.pt\/wp-content\/uploads\/2019\/11\/papel2-768x385.jpg 768w, http:\/\/gapo.pt\/wp-content\/uploads\/2019\/11\/papel2.jpg 1200w\" sizes=\"(max-width: 1024px) 100vw, 1024px\" \/><\/figure>\n\n\n\n<p>Dispomos de uma vasta gama de sacos de papel biodegrad\u00e1veis e 100% recicl\u00e1veis, papel revestido anti-humidade e sacos com janela, especialmente elaborados para transportar sandwiches.<\/p>\n\n\n\n<p>Consulte-nos para obter a tabela de dimens\u00f5es padr\u00e3o, com ou sem estampagem. \u00c9 poss\u00edvel personalizar os sacos mediante quantidades m\u00ednimas.<\/p>\n\n\n\n<ul class=\"wp-block-list\"><li>Sacos para p\u00e3o<\/li><li>Sacos com janela para Sandwich<\/li><li>Sacos revestidos para fruta e vegetais<\/li><li>Sacos para frango<\/li><\/ul>\n\n\n\n<p><\/p>\n","protected":false},"excerpt":{"rendered":"<p>Dispomos de uma vasta gama de sacos de papel biodegrad\u00e1veis e 100% recicl\u00e1veis, papel revestido anti-humidade e sacos com janela, especialmente elaborados para transportar sandwiches. Consulte-nos para obter a tabela de dimens\u00f5es padr\u00e3o, com ou sem estampagem. \u00c9 poss\u00edvel personalizar os sacos mediante quantidades m\u00ednimas. Sacos para p\u00e3o Sacos com janela para Sandwich Sacos revestidos &#8230; <a title=\"Sacos de Papel\" class=\"read-more\" href=\"http:\/\/gapo.pt\/index.php\/sacos-de-papel\/\" aria-label=\"Leia mais sobre Sacos de Papel\">Ler mais<\/a><\/p>\n","protected":false},"author":2,"featured_media":0,"parent":0,"menu_order":0,"comment_status":"closed","ping_status":"closed","template":"","meta":{"footnotes":""},"class_list":["post-116","page","type-page","status-publish"],"_links":{"self":[{"href":"http:\/\/gapo.pt\/index.php\/wp-json\/wp\/v2\/pages\/116"}],"collection":[{"href":"http:\/\/gapo.pt\/index.php\/wp-json\/wp\/v2\/pages"}],"about":[{"href":"http:\/\/gapo.pt\/index.php\/wp-json\/wp\/v2\/types\/page"}],"author":[{"embeddable":true,"href":"http:\/\/gapo.pt\/index.php\/wp-json\/wp\/v2\/users\/2"}],"replies":[{"embeddable":true,"href":"http:\/\/gapo.pt\/index.php\/wp-json\/wp\/v2\/comments?post=116"}],"version-history":[{"count":1,"href":"http:\/\/gapo.pt\/index.php\/wp-json\/wp\/v2\/pages\/116\/revisions"}],"predecessor-version":[{"id":118,"href":"http:\/\/gapo.pt\/index.php\/wp-json\/wp\/v2\/pages\/116\/revisions\/118"}],"wp:attachment":[{"href":"http:\/\/gapo.pt\/index.php\/wp-json\/wp\/v2\/media?parent=116"}],"curies":[{"name":"wp","href":"https:\/\/api.w.org\/{rel}","templated":true}]}}